{"id":9111,"date":"2021-10-13T14:12:23","date_gmt":"2021-10-13T14:12:23","guid":{"rendered":"https:\/\/freie-kanu-sportler.de\/?page_id=9111"},"modified":"2026-02-23T08:21:18","modified_gmt":"2026-02-23T08:21:18","slug":"wir-ueber-uns-2","status":"publish","type":"page","link":"https:\/\/freie-kanu-sportler.de\/?page_id=9111","title":{"rendered":"Wir \u00fcber uns"},"content":{"rendered":"\n<p>Der Schwerpunkt unseres Vereins ist das Kanuwandern.<br>Kanuwandern im Einklang mit der Natur ist unser Hobby.<\/p>\n\n\n\n<p>Seit 2004 haben sich die Naturfreunde Bad Emstal und die Freien Kanu-Sportler zu einer Vereinsgermeinschaft zusammengeschlossen. <strong><em><a href=\"http:\/\/naturfreunde-bad-emstal.de\/?page_id=6190\" target=\"_blank\" rel=\"noreferrer noopener\">Weitere Einzelheiten findet ihr hier<\/a><\/em><\/strong><\/p>\n\n\n\n<p>Wir sind Mitglied&nbsp;<br>im&nbsp;<a href=\"http:\/\/www.kanu.de\/\" target=\"_blank\" rel=\"noreferrer noopener\">Deutschen Kanuverband<\/a><br>im&nbsp;<a href=\"http:\/\/www.kanu-hessen.de\/\" target=\"_blank\" rel=\"noreferrer noopener\">Hessischen Kanu-Verband<\/a><br>und im&nbsp;<a href=\"http:\/\/www.landessportbund-hessen.de\/\" target=\"_blank\" rel=\"noreferrer noopener\">Landessportbund Hessen<\/a><\/p>\n\n\n\n<p>Kanusport ist bei uns auch Familiensport. Wassersportbegeisterte Familien sind bei uns herzlich willkommen. Wir paddeln auf nahegelegenen Fl\u00fcssen und in den Ferien auf allen Paddelrevieren des In- und Auslandes.<br>Die Freien Kanu-Sportler sind \u00fcberwiegend auch Mitglieder der Naturfreunde Bad Emstal. Das Naturfreundehaus steht f\u00fcr unsere Vereinsaktivit\u00e4ten zur Verf\u00fcgung.&nbsp;<br>In der Regel treffen wir uns einmal im Monat im Vereinsraum des Naturfreundehauses, zusammen mit den Naturfreunden, G\u00e4ste sind herzlich willkommen.<br>Besuchen Sie uns! wir nehmen Sie mit zu einer gemeinsamen \u201eSchnupperfahrt\u201c.<\/p>\n\n\n\n<h3 class=\"wp-block-heading\">Unser Vorstand<\/h3>\n\n\n\n<figure class=\"wp-block-image size-full is-resized\"><img loading=\"lazy\" decoding=\"async\" width=\"512\" height=\"512\" src=\"https:\/\/freie-kanu-sportler.de\/wp-content\/uploads\/2020\/02\/24-512.png\" alt=\"\" class=\"wp-image-138\" style=\"width:136px;height:136px\" srcset=\"https:\/\/freie-kanu-sportler.de\/wp-content\/uploads\/2020\/02\/24-512.png 512w, https:\/\/freie-kanu-sportler.de\/wp-content\/uploads\/2020\/02\/24-512-300x300.png 300w, https:\/\/freie-kanu-sportler.de\/wp-content\/uploads\/2020\/02\/24-512-150x150.png 150w, https:\/\/freie-kanu-sportler.de\/wp-content\/uploads\/2020\/02\/24-512-400x400.png 400w\" sizes=\"auto, (max-width: 512px) 100vw, 512px\" \/><\/figure>\n\n\n\n<p>Ilona Stephan 1. Vorsitzende<\/p>\n\n\n\n<p>Bahnhofstrasse 35<br>34308 Bad Emstal<br>Fon: 05624\/2301<br>E-Mail: 1.Vorsitzende@freie-kanu-sportler.de<\/p>\n\n\n\n<figure class=\"wp-block-image size-full is-resized\"><img loading=\"lazy\" decoding=\"async\" width=\"512\" height=\"512\" src=\"https:\/\/freie-kanu-sportler.de\/wp-content\/uploads\/2020\/02\/23-512.png\" alt=\"\" class=\"wp-image-137\" style=\"width:151px;height:151px\" srcset=\"https:\/\/freie-kanu-sportler.de\/wp-content\/uploads\/2020\/02\/23-512.png 512w, https:\/\/freie-kanu-sportler.de\/wp-content\/uploads\/2020\/02\/23-512-300x300.png 300w, https:\/\/freie-kanu-sportler.de\/wp-content\/uploads\/2020\/02\/23-512-150x150.png 150w, https:\/\/freie-kanu-sportler.de\/wp-content\/uploads\/2020\/02\/23-512-400x400.png 400w\" sizes=\"auto, (max-width: 512px) 100vw, 512px\" \/><\/figure>\n\n\n\n<p>Gerhard Raabe 2. Vorsitzender<\/p>\n\n\n\n<p>Auf dem Krombach 4<br>34308 Bad Emstal<br>Fon: 05624\/1804<br>E-Mail: 2.Vorsitzender@freie-kanu-sportler.de<\/p>\n\n\n\n<figure class=\"wp-block-image size-full is-resized\"><img loading=\"lazy\" decoding=\"async\" width=\"512\" height=\"512\" src=\"https:\/\/freie-kanu-sportler.de\/wp-content\/uploads\/2020\/02\/24-512.png\" alt=\"\" class=\"wp-image-138\" style=\"width:140px;height:auto\" srcset=\"https:\/\/freie-kanu-sportler.de\/wp-content\/uploads\/2020\/02\/24-512.png 512w, https:\/\/freie-kanu-sportler.de\/wp-content\/uploads\/2020\/02\/24-512-300x300.png 300w, https:\/\/freie-kanu-sportler.de\/wp-content\/uploads\/2020\/02\/24-512-150x150.png 150w, https:\/\/freie-kanu-sportler.de\/wp-content\/uploads\/2020\/02\/24-512-400x400.png 400w\" sizes=\"auto, (max-width: 512px) 100vw, 512px\" \/><\/figure>\n\n\n\n<p>Angelika Scharfe Schatzmeisterin<\/p>\n\n\n\n<p>Im Kampe 2<br>34466 Wolfhagen<br>Handy: 0173 9648213<br>E-Mail: schatzmeisterin@freie-kanu-sportler.de<\/p>\n\n\n\n<figure class=\"wp-block-image size-full\"><img loading=\"lazy\" decoding=\"async\" width=\"150\" height=\"150\" src=\"https:\/\/freie-kanu-sportler.de\/wp-content\/uploads\/2026\/02\/image.png\" alt=\"\" class=\"wp-image-9410\"\/><\/figure>\n\n\n\n<p>Leif Keilmann Schriftf\u00fchrer<\/p>\n\n\n\n<p>Wolfhager Str. 29<br>34308 Bad Emstal<br>Handy: 01573 5638542<br>E-Mail: Schriftwart@freie-kanu-sportler.de<\/p>\n\n\n\n<figure class=\"wp-block-image size-full is-resized\"><img loading=\"lazy\" decoding=\"async\" width=\"512\" height=\"512\" src=\"https:\/\/freie-kanu-sportler.de\/wp-content\/uploads\/2020\/02\/24-512.png\" alt=\"\" class=\"wp-image-138\" style=\"width:142px;height:142px\" srcset=\"https:\/\/freie-kanu-sportler.de\/wp-content\/uploads\/2020\/02\/24-512.png 512w, https:\/\/freie-kanu-sportler.de\/wp-content\/uploads\/2020\/02\/24-512-300x300.png 300w, https:\/\/freie-kanu-sportler.de\/wp-content\/uploads\/2020\/02\/24-512-150x150.png 150w, https:\/\/freie-kanu-sportler.de\/wp-content\/uploads\/2020\/02\/24-512-400x400.png 400w\" sizes=\"auto, (max-width: 512px) 100vw, 512px\" \/><\/figure>\n\n\n\n<p>Barbara Huske-B\u00f6ttchers Pressewartin<\/p>\n\n\n\n<p>D\u00f6rnbergstrasse 14<br>34270 Schauenburg<br>Fon: 05601 9999981<br>Handy: 01608294481<br>E-Mail: Presse@freie-kanu-sportler.de<\/p>\n\n\n\n<figure class=\"wp-block-image size-full is-resized\"><img loading=\"lazy\" decoding=\"async\" width=\"512\" height=\"512\" src=\"https:\/\/freie-kanu-sportler.de\/wp-content\/uploads\/2020\/02\/23-512.png\" alt=\"\" class=\"wp-image-137\" style=\"width:144px;height:auto\" srcset=\"https:\/\/freie-kanu-sportler.de\/wp-content\/uploads\/2020\/02\/23-512.png 512w, https:\/\/freie-kanu-sportler.de\/wp-content\/uploads\/2020\/02\/23-512-300x300.png 300w, https:\/\/freie-kanu-sportler.de\/wp-content\/uploads\/2020\/02\/23-512-150x150.png 150w, https:\/\/freie-kanu-sportler.de\/wp-content\/uploads\/2020\/02\/23-512-400x400.png 400w\" sizes=\"auto, (max-width: 512px) 100vw, 512px\" \/><\/figure>\n\n\n\n<p>Leif Keilmann Wanderwart<\/p>\n\n\n\n<p>Wolfhager Str. 29<br>34308 Bad Emstal<br>Handy: 01573 5638542<br>E-Mail: Wanderwart@freie-kanu-sportler.de<\/p>\n\n\n\n<figure class=\"wp-block-image\"><img decoding=\"async\" src=\"https:\/\/freie-kanu-sportler.de\/wp-content\/uploads\/2020\/02\/23-512-150x150.png\" alt=\"\"\/><\/figure>\n\n\n\n<p>Wolfgang Benkert Ger\u00e4tewart<\/p>\n\n\n\n<p>Dresdener Strasse 12<br>34308 Bad Emstal<br>Fon: 05624\/926717<\/p>\n\n\n\n<p>E-Mail: Geraetewart@freie-kanu-sportler.de<\/p>\n\n\n\n<figure class=\"wp-block-image size-full\"><img loading=\"lazy\" decoding=\"async\" width=\"150\" height=\"150\" src=\"https:\/\/freie-kanu-sportler.de\/wp-content\/uploads\/2026\/02\/image.png\" alt=\"\" class=\"wp-image-9410\"\/><\/figure>\n\n\n\n<p>Leif Keilmann Jugendwart<\/p>\n\n\n\n<p>Wolfhager Str. 29<br>34308 Bad Emstal<br>Handy: 01573 5638542<br>E-Mail: jugendwart@freie-kanu-sportler.de<\/p>\n\n\n\n<p><\/p>\n","protected":false},"excerpt":{"rendered":"<p>Der Schwerpunkt unseres Vereins ist das Kanuwandern.Kanuwandern im Einklang mit der Natur ist unser Hobby. Seit 2004 haben sich die Naturfreunde Bad Emstal und die Freien Kanu-Sportler zu einer Vereinsgermeinschaft zusammengeschlossen. Weitere Einzelheiten findet ihr hier Wir sind Mitglied&nbsp;im&nbsp;Deutschen Kanuverbandim&nbsp;Hessischen Kanu-Verbandund im&nbsp;Landessportbund Hessen Kanusport ist bei uns auch Familiensport. Wassersportbegeisterte Familien sind bei uns herzlich&#8230; <\/p>\n<div class=\"clear\"><\/div>\n<p><a href=\"https:\/\/freie-kanu-sportler.de\/?page_id=9111\" class=\"excerpt-read-more\">Read More<\/a><\/p>\n","protected":false},"author":4,"featured_media":0,"parent":0,"menu_order":0,"comment_status":"closed","ping_status":"closed","template":"","meta":{"ngg_post_thumbnail":0,"footnotes":""},"class_list":["post-9111","page","type-page","status-publish","hentry"],"_links":{"self":[{"href":"https:\/\/freie-kanu-sportler.de\/index.php?rest_route=\/wp\/v2\/pages\/9111","targetHints":{"allow":["GET"]}}],"collection":[{"href":"https:\/\/freie-kanu-sportler.de\/index.php?rest_route=\/wp\/v2\/pages"}],"about":[{"href":"https:\/\/freie-kanu-sportler.de\/index.php?rest_route=\/wp\/v2\/types\/page"}],"author":[{"embeddable":true,"href":"https:\/\/freie-kanu-sportler.de\/index.php?rest_route=\/wp\/v2\/users\/4"}],"replies":[{"embeddable":true,"href":"https:\/\/freie-kanu-sportler.de\/index.php?rest_route=%2Fwp%2Fv2%2Fcomments&post=9111"}],"version-history":[{"count":9,"href":"https:\/\/freie-kanu-sportler.de\/index.php?rest_route=\/wp\/v2\/pages\/9111\/revisions"}],"predecessor-version":[{"id":9413,"href":"https:\/\/freie-kanu-sportler.de\/index.php?rest_route=\/wp\/v2\/pages\/9111\/revisions\/9413"}],"wp:attachment":[{"href":"https:\/\/freie-kanu-sportler.de\/index.php?rest_route=%2Fwp%2Fv2%2Fmedia&parent=9111"}],"curies":[{"name":"wp","href":"https:\/\/api.w.org\/{rel}","templated":true}]}}