{"id":61,"date":"2020-02-17T17:24:14","date_gmt":"2020-02-17T17:24:14","guid":{"rendered":"http:\/\/entwicklung.fks.diwete.de\/?page_id=61"},"modified":"2026-03-23T07:56:42","modified_gmt":"2026-03-23T07:56:42","slug":"links","status":"publish","type":"page","link":"https:\/\/freie-kanu-sportler.de\/?page_id=61","title":{"rendered":"Links"},"content":{"rendered":"\n<h2 class=\"wp-block-heading\">Vereine<\/h2>\n\n\n\n<p class=\"has-text-align-left\">PLZ &nbsp;&nbsp;&nbsp;Vereine<br>02977&nbsp;&nbsp;<a rel=\"noreferrer noopener\" href=\"http:\/\/www.wsv-knappensee.de\/\" target=\"_blank\">WSV-Knappensee Hoyerswerda\/Gro\u00df S\u00e4rchen e.V.<\/a><br>06132&nbsp;&nbsp;<a rel=\"noreferrer noopener\" href=\"http:\/\/www.hallescher-kanu-club.de\/\" target=\"_blank\">Hallescher-Kanu-Club 54 e.V.<\/a><br>06369&nbsp;&nbsp;<a rel=\"noreferrer noopener\" href=\"http:\/\/www.koethen-kanu.de.am\/\" target=\"_blank\">K\u00f6thener Kanu Club e.V.<\/a><br>07745&nbsp;&nbsp;<a rel=\"noreferrer noopener\" href=\"http:\/\/www.kanu-jena.de\/\" target=\"_blank\">SV SCHOTT JENAer GLAS e.V<\/a><br>14712&nbsp;&nbsp;<a rel=\"noreferrer noopener\" href=\"http:\/\/www.kanuinfo.de\/Premnitz\/\" target=\"_blank\">TSV Chemie Premnitz e.V.<\/a><br>16225&nbsp;&nbsp;<a rel=\"noreferrer noopener\" href=\"http:\/\/www.ksc-ebw.de\/kanu\" target=\"_blank\">Eberswalde SV &#8222;EMPOR&#8220; e. V.<\/a><br>20539&nbsp;&nbsp;<a rel=\"noreferrer noopener\" href=\"http:\/\/www.nw-hamburg.de\/\" target=\"_blank\">Niederdeutsche Wanderpaddler e.V.&nbsp;<\/a><br>23619&nbsp;&nbsp;<a rel=\"noreferrer noopener\" href=\"http:\/\/www.svhamberge.de\/\" target=\"_blank\">SV Hamberge e.V.<\/a><br>23843&nbsp;&nbsp;<a rel=\"noreferrer noopener\" href=\"http:\/\/www.bootsvereinobertrave.de\/\" target=\"_blank\">Bootsverein Obertrave e.V.<\/a><br>24782&nbsp;&nbsp;<a rel=\"noreferrer noopener\" href=\"http:\/\/www.wv-buedelsdorf.de\/\" target=\"_blank\">Wassersportvereinigung an der Eider B\u00fcdelsdorf e.V.<\/a><br>25554&nbsp;&nbsp;<a rel=\"noreferrer noopener\" href=\"http:\/\/www.kanu-gruppe-wilster.de\/\" target=\"_blank\">Kanu-Gruppe-Wilster e.V.<\/a><br>29342&nbsp;&nbsp;<a rel=\"noreferrer noopener\" href=\"http:\/\/www.pvwienhausen.de\/\" target=\"_blank\">Paddel-Vereinigung Wienhausen von 1932 e.V.<\/a><br>30171&nbsp;&nbsp;<a rel=\"noreferrer noopener\" href=\"http:\/\/www.rsv-kanu.de\/\" target=\"_blank\">Kanuabteilung des RSV Hannover von 1926 e.V.<\/a><br>31786&nbsp;&nbsp;<a rel=\"noreferrer noopener\" href=\"http:\/\/www.kanu-club-hameln.de\/\" target=\"_blank\">Kanu-Club Hameln e.V.<\/a><br>32052&nbsp;&nbsp;<a rel=\"noreferrer noopener\" href=\"http:\/\/www.hkk-herford.de\/\" target=\"_blank\">Herforder Kanu-Klub.e.V<\/a><br>32423&nbsp;&nbsp;<a rel=\"noreferrer noopener\" href=\"http:\/\/www.kanu-klub-minden.de\/\" target=\"_blank\">Kanu-Klub-Minden e.V.<\/a><br>34121&nbsp;&nbsp;<a rel=\"noreferrer noopener\" href=\"http:\/\/www.wvckassel.de\/\" target=\"_blank\">WVC Cassel<\/a><br>34121&nbsp;&nbsp;<a rel=\"noreferrer noopener\" href=\"http:\/\/www.psv-gwkassel.de\/kanu\" target=\"_blank\">PSV Gr\u00fcn-Wei\u00df Kassel<\/a><br>34123&nbsp;&nbsp;<a rel=\"noreferrer noopener\" href=\"http:\/\/www.kvhkassel.de\/\" target=\"_blank\">Kanu-Vereinigung Hessen<\/a><br>34123&nbsp;&nbsp;<a rel=\"noreferrer noopener\" href=\"http:\/\/www.csk98.de\/\" target=\"_blank\">Casseler Schwimmv. Kurhessen<\/a><br>34125&nbsp;&nbsp;<a rel=\"noreferrer noopener\" href=\"http:\/\/www.ckc-kassel.de\/\" target=\"_blank\">Casseler Kanu-Club<\/a><br>34125&nbsp;&nbsp;<a rel=\"noreferrer noopener\" href=\"http:\/\/www.kanusportkassel.de\/\" target=\"_blank\">Kanu-Sport Kassel<\/a><br>34212&nbsp;&nbsp;<a rel=\"noreferrer noopener\" href=\"http:\/\/www.wvm-melsungen.de\/\" target=\"_blank\">WVM Melsungen&nbsp;<\/a><br>34270&nbsp;<a rel=\"noreferrer noopener\" href=\"http:\/\/www.tsvbreitenbach.de\/\" target=\"_blank\">TSV 1897 Breitenbach e.V.<\/a><br>34308&nbsp;&nbsp;<a rel=\"noreferrer noopener\" href=\"http:\/\/www.naturfreunde-bad-emstal.de\/\" target=\"_blank\">NaturFreunde Bad Emstal<\/a><br>34308&nbsp;&nbsp;<a rel=\"noreferrer noopener\" href=\"https:\/\/freie-kanu-sportler.de\/\" target=\"_blank\">Freie Kanu-Sportler e.V.<\/a><br>34314&nbsp;&nbsp;<a href=\"https:\/\/actkassel.de\/kanu\" target=\"_blank\" rel=\"noreferrer noopener\">ACT Kassel<\/a><br>34582&nbsp;&nbsp;<a rel=\"noreferrer noopener\" href=\"http:\/\/www.tuspo-borken.de\/\" target=\"_blank\">TUSPO Borken Kanu-Abt.<\/a><br>36039&nbsp;&nbsp;<a rel=\"noreferrer noopener\" href=\"http:\/\/www.kanu-club-fulda.de\/\" target=\"_blank\">Kanu-Club Fulda&nbsp;<\/a><br>36261&nbsp;&nbsp;<a rel=\"noreferrer noopener\" href=\"http:\/\/www.kanuwanderer-hersfeld.de\/\" target=\"_blank\">Kanuwanderer Hersfeld<\/a><br>37269&nbsp;&nbsp;<a rel=\"noreferrer noopener\" href=\"http:\/\/www.eschweger-kanuclub.de\/\" target=\"_blank\">Eschweger Kanu-Club<\/a><br>40721&nbsp;&nbsp;<a rel=\"noreferrer noopener\" href=\"http:\/\/www.kanu-club-hilden.de\/\" target=\"_blank\">Kanu-Club Hilden e.V.<\/a><br>41334&nbsp;&nbsp;<a rel=\"noreferrer noopener\" href=\"http:\/\/www.rkc-lobberich.de\/\" target=\"_blank\">RKC Lobberich<\/a><br>44797&nbsp;&nbsp;<a rel=\"noreferrer noopener\" href=\"http:\/\/www.kc-wiking.de\/\" target=\"_blank\">Kanu Club Wiking Bochum 1951 e.V.<\/a><br>45326&nbsp;&nbsp;<a rel=\"noreferrer noopener\" href=\"http:\/\/www.kg-essen.de\/\" target=\"_blank\">Kanusport-Gemeinschaft Essen e.V.&nbsp;<\/a><br>47829&nbsp;&nbsp;<a rel=\"noreferrer noopener\" href=\"http:\/\/www.preussen-krefeld.de\/preussen\/kanu\/kanu.htm\" target=\"_blank\">KTSV Preussen Krefeld 1855 Kanuabteilung<\/a><br>48324&nbsp;&nbsp;<a rel=\"noreferrer noopener\" href=\"http:\/\/www.akc-albersloh.de\/\" target=\"_blank\">Albersloher Kanu Club<\/a><br>50354&nbsp;&nbsp;<a rel=\"noreferrer noopener\" href=\"http:\/\/www.schwimmclubhuerth.de\/\" target=\"_blank\">Schwimmclub H\u00fcrth<\/a><br>50735&nbsp;&nbsp;<a rel=\"noreferrer noopener\" href=\"http:\/\/www.kcg.de\/\" target=\"_blank\">Kanu Club Gr\u00fcn- Gelb K\u00f6ln e.V.<\/a><br>53844&nbsp;&nbsp;<a rel=\"noreferrer noopener\" href=\"http:\/\/www.piratbergheim.de\/\" target=\"_blank\">Kanu-Klub \u00bbPIRAT\u00ab e. V.<\/a><br>55131&nbsp;&nbsp;<a rel=\"noreferrer noopener\" href=\"http:\/\/www.fc2kw.de\/\" target=\"_blank\">FC2KW e.V.<\/a><br>55545&nbsp;&nbsp;<a rel=\"noreferrer noopener\" href=\"http:\/\/www.rkv-kanuten.de\/\" target=\"_blank\">RKV Bad Kreuznach e.V.<\/a><br>58256&nbsp;&nbsp;<a rel=\"noreferrer noopener\" href=\"http:\/\/www.wkc.wtal.de\/\" target=\"_blank\">Wuppertaler Kanu-Club<\/a><br>64560&nbsp;&nbsp;<a rel=\"noreferrer noopener\" href=\"http:\/\/www.kanu-club.de\/\" target=\"_blank\">Kanu-Club-Darmstadt e.V. 1922<\/a><br>69115&nbsp;&nbsp;<a rel=\"noreferrer noopener\" href=\"http:\/\/www.whw-hd.de\/\" target=\"_blank\">Wassersportverein Heidelberg West 1926 e.V.<\/a><br>70327&nbsp;&nbsp;<a rel=\"noreferrer noopener\" href=\"http:\/\/www.sgu07.de\/\" target=\"_blank\">SGU07 Kanu Stuttgart Untert\u00fcrkheim<\/a><br>79100&nbsp;&nbsp;<a rel=\"noreferrer noopener\" href=\"http:\/\/www.fff-freiburg.de\/\" target=\"_blank\">Freiburger Faltboot Fahrer e.V.<\/a><br>89077&nbsp;&nbsp;<a rel=\"noreferrer noopener\" href=\"http:\/\/www.abenteuersport-dva.de\/\" target=\"_blank\">Deutscher Verband f\u00fcr Abenteuersport<\/a><br>89231&nbsp;&nbsp;<a rel=\"noreferrer noopener\" href=\"http:\/\/www.ukf-ulm.de\/\" target=\"_blank\">Ulmer Kanufahrer.e.V<\/a><br>89233&nbsp;&nbsp;<a rel=\"noreferrer noopener\" href=\"http:\/\/www.kanuclubmarbach.de\/\" target=\"_blank\">Kanu-Club Marbach<\/a><br>90443&nbsp;&nbsp;<a rel=\"noreferrer noopener\" href=\"http:\/\/www.naturfreunde-kanu.de\/\" target=\"_blank\">Naturfreunde Bayern, Wassersport<\/a><br>90471&nbsp;&nbsp;<a rel=\"noreferrer noopener\" href=\"http:\/\/www.kanuverein.de\/\" target=\"_blank\">Kanu Verein N\u00fcrnberg<\/a><br>93309&nbsp;&nbsp;<a rel=\"noreferrer noopener\" href=\"http:\/\/www.kanu-club-kelheim.de\/\" target=\"_blank\">Kanu-Club-Kelheim e.V.<\/a><\/p>\n\n\n\n<h2 class=\"wp-block-heading\">Verb\u00e4nde<\/h2>\n\n\n\n<figure class=\"wp-block-table\"><table><tbody><tr><td class=\"has-text-align-left\" data-align=\"left\"><a rel=\"noreferrer noopener\" href=\"http:\/\/www.kanu.de\/\" target=\"_blank\">Deutscher Kanu Verband<\/a><br><a rel=\"noreferrer noopener\" href=\"http:\/\/www.kanu-hessen.de\/\" target=\"_blank\">Hessischer Kanu Verband<\/a><br><a rel=\"noreferrer noopener\" href=\"http:\/\/www.kanuten.info\/\" target=\"_blank\">Hessischer Kanu Verband Bezirk Nordhessen<\/a><br><a rel=\"noreferrer noopener\" href=\"http:\/\/www.kanu-bayern.org\/\" target=\"_blank\">Bayerischer kanu-Verband<\/a><br><a rel=\"noreferrer noopener\" href=\"http:\/\/www.naturfreunde-wassersport.de\/\" target=\"_blank\">Naturfreunde Deutschland, Bundesfachgruppe Wassersport<\/a><br><a href=\"http:\/\/naturfreundejugend-nordhessen.de\/\">Naturfreundejugend Bezirk Nordhessen<\/a><br><a rel=\"noreferrer noopener\" href=\"http:\/\/www.landessportbund-hessen.de\/\" target=\"_blank\">Landessportbund Hessen<\/a><br><a rel=\"noreferrer noopener\" href=\"http:\/\/www.djh.de\/\" target=\"_blank\">Deutsches Jugendherbergswerk<\/a><\/td><\/tr><\/tbody><\/table><\/figure>\n\n\n\n<h2 class=\"wp-block-heading\">Flussbeschreibungen<\/h2>\n\n\n\n<p><a href=\"https:\/\/freie-kanu-sportler.de\/wp-content\/uploads\/2020\/08\/Obere-Fulda.pdf\" target=\"_blank\" rel=\"noreferrer noopener\">obere Fulda<\/a><\/p>\n\n\n\n<h2 class=\"wp-block-heading\">Pegelst\u00e4nde<\/h2>\n\n\n\n<p class=\"has-text-align-left\"><a href=\"http:\/\/www.pegelonline.wsv.de\/gast\/karte\/standard\" target=\"_blank\" rel=\"noreferrer noopener\">Online Pegel Deutschland<\/a><br><a href=\"http:\/\/www.pegelonline.wsv.de\/webservices\/zeitreihe\/visualisierung?ansicht=einzeln&amp;pegelnummer=42840453\" target=\"_blank\" rel=\"noreferrer noopener\">Orke Pegel<\/a><a href=\"http:\/\/www.kanu-nrw.de\/content\/index.php\/2012-01-01-19-49-52\/2015-11-18-14-22-22\/2012-01-01-20-15-40\/pegeldienst-kv-nrw1\" target=\"_blank\" rel=\"noreferrer noopener\"><br>Pegeldienst des KV NRW<\/a><br><a href=\"https:\/\/www.kanu-nrw.de\/de\/freizeitsport\/gewaesserinformationen\/pegeldienst\/bezugspegel\/\">Mindestpegel<\/a><\/p>\n\n\n\n<h2 class=\"wp-block-heading\">Sportprogramme<\/h2>\n\n\n\n<p><a href=\"http:\/\/www.pegelonline.wsv.de\/gast\/karte\/standard\" target=\"_blank\" rel=\"noreferrer noopener\">DKV Sprtprogramme<\/a><a href=\"https:\/\/www.kanu.de\/FREIZEITSPORT\/Infothek-fuer-Paddler\/Sportprogramm-52127.html\">https:\/\/www.kanu.de\/FREIZEITSPORT\/Infothek-fuer-Paddler\/Sportprogramm-52127.html<\/a><\/p>\n\n\n\n<h2 class=\"wp-block-heading\">Verschiedene<\/h2>\n\n\n\n<figure class=\"wp-block-table\"><table><tbody><tr><td class=\"has-text-align-left\" data-align=\"left\"><a href=\"http:\/\/www.wetteronline.de\/\" target=\"_blank\" rel=\"noreferrer noopener\">Wetter<\/a><br><a href=\"http:\/\/www.hessennet.de\/\" target=\"_blank\" rel=\"noreferrer noopener\">Hessennet<\/a><br><a href=\"http:\/\/www.hessennet.de\/bad_emstal\" target=\"_blank\" rel=\"noreferrer noopener\">Bad Emstal<\/a><br><a href=\"http:\/\/www.hessennet.de\/Schauenburg\/\" target=\"_blank\" rel=\"noreferrer noopener\">Schauenburg<\/a><\/td><\/tr><\/tbody><\/table><\/figure>\n\n\n\n<p><\/p>\n","protected":false},"excerpt":{"rendered":"<p>Vereine PLZ &nbsp;&nbsp;&nbsp;Vereine02977&nbsp;&nbsp;WSV-Knappensee Hoyerswerda\/Gro\u00df S\u00e4rchen e.V.06132&nbsp;&nbsp;Hallescher-Kanu-Club 54 e.V.06369&nbsp;&nbsp;K\u00f6thener Kanu Club e.V.07745&nbsp;&nbsp;SV SCHOTT JENAer GLAS e.V14712&nbsp;&nbsp;TSV Chemie Premnitz e.V.16225&nbsp;&nbsp;Eberswalde SV &#8222;EMPOR&#8220; e. V.20539&nbsp;&nbsp;Niederdeutsche Wanderpaddler e.V.&nbsp;23619&nbsp;&nbsp;SV Hamberge e.V.23843&nbsp;&nbsp;Bootsverein Obertrave e.V.24782&nbsp;&nbsp;Wassersportvereinigung an der Eider B\u00fcdelsdorf e.V.25554&nbsp;&nbsp;Kanu-Gruppe-Wilster e.V.29342&nbsp;&nbsp;Paddel-Vereinigung Wienhausen von 1932 e.V.30171&nbsp;&nbsp;Kanuabteilung des RSV Hannover von 1926 e.V.31786&nbsp;&nbsp;Kanu-Club Hameln e.V.32052&nbsp;&nbsp;Herforder Kanu-Klub.e.V32423&nbsp;&nbsp;Kanu-Klub-Minden e.V.34121&nbsp;&nbsp;WVC Cassel34121&nbsp;&nbsp;PSV Gr\u00fcn-Wei\u00df Kassel34123&nbsp;&nbsp;Kanu-Vereinigung Hessen34123&nbsp;&nbsp;Casseler Schwimmv. Kurhessen34125&nbsp;&nbsp;Casseler Kanu-Club34125&nbsp;&nbsp;Kanu-Sport&#8230; <\/p>\n<div class=\"clear\"><\/div>\n<p><a href=\"https:\/\/freie-kanu-sportler.de\/?page_id=61\" class=\"excerpt-read-more\">Read More<\/a><\/p>\n","protected":false},"author":1,"featured_media":0,"parent":0,"menu_order":0,"comment_status":"closed","ping_status":"closed","template":"","meta":{"ngg_post_thumbnail":0,"footnotes":""},"class_list":["post-61","page","type-page","status-publish","hentry"],"_links":{"self":[{"href":"https:\/\/freie-kanu-sportler.de\/index.php?rest_route=\/wp\/v2\/pages\/61","targetHints":{"allow":["GET"]}}],"collection":[{"href":"https:\/\/freie-kanu-sportler.de\/index.php?rest_route=\/wp\/v2\/pages"}],"about":[{"href":"https:\/\/freie-kanu-sportler.de\/index.php?rest_route=\/wp\/v2\/types\/page"}],"author":[{"embeddable":true,"href":"https:\/\/freie-kanu-sportler.de\/index.php?rest_route=\/wp\/v2\/users\/1"}],"replies":[{"embeddable":true,"href":"https:\/\/freie-kanu-sportler.de\/index.php?rest_route=%2Fwp%2Fv2%2Fcomments&post=61"}],"version-history":[{"count":9,"href":"https:\/\/freie-kanu-sportler.de\/index.php?rest_route=\/wp\/v2\/pages\/61\/revisions"}],"predecessor-version":[{"id":9418,"href":"https:\/\/freie-kanu-sportler.de\/index.php?rest_route=\/wp\/v2\/pages\/61\/revisions\/9418"}],"wp:attachment":[{"href":"https:\/\/freie-kanu-sportler.de\/index.php?rest_route=%2Fwp%2Fv2%2Fmedia&parent=61"}],"curies":[{"name":"wp","href":"https:\/\/api.w.org\/{rel}","templated":true}]}}