{"id":55,"date":"2020-02-17T17:22:57","date_gmt":"2020-02-17T17:22:57","guid":{"rendered":"http:\/\/entwicklung.fks.diwete.de\/?page_id=55"},"modified":"2023-11-08T11:35:48","modified_gmt":"2023-11-08T11:35:48","slug":"infos-fuer-gaeste","status":"publish","type":"page","link":"https:\/\/freie-kanu-sportler.de\/?page_id=55","title":{"rendered":"Infos f\u00fcr G\u00e4ste"},"content":{"rendered":"\n<p>Wenn wir nicht auf B\u00e4chen und Fl\u00fcssen unterwegs sind, treffen wir uns im Vereinsraum&nbsp; des Naturfreundehauses Bad Emstal. Hier besprechen und planen wir unsere Aktivit\u00e4ten und pflegen die Vereinsgemeinschaft, G\u00e4ste sind herzlich willkommen.<\/p>\n\n\n\n<p><a href=\"https:\/\/freie-kanu-sportler.de\/?page_id=40\">Hier k\u00f6nnt Ihr uns kontaktieren.<\/a><\/p>\n\n\n\n<p><a href=\"http:\/\/naturfreunde-bad-emstal.de\/so-finden-sie-uns\/\">Anfahrtsbeschreibung der Naturfreunde zum Naturfreundehaus<\/a><\/p>\n\n\n\n<p><a href=\"http:\/\/freie-kanu-sportler.de\/?page_id=208\">Aufnahmeantr\u00e4ge<\/a><\/p>\n\n\n\n<p><a href=\"https:\/\/freie-kanu-sportler.de\/?page_id=174\">Spenden<\/a><\/p>\n","protected":false},"excerpt":{"rendered":"<p>Wenn wir nicht auf B\u00e4chen und Fl\u00fcssen unterwegs sind, treffen wir uns im Vereinsraum&nbsp; des Naturfreundehauses Bad Emstal. Hier besprechen und planen wir unsere Aktivit\u00e4ten und pflegen die Vereinsgemeinschaft, G\u00e4ste sind herzlich willkommen. Hier k\u00f6nnt Ihr uns kontaktieren. Anfahrtsbeschreibung der Naturfreunde zum Naturfreundehaus Aufnahmeantr\u00e4ge Spenden<\/p>\n","protected":false},"author":1,"featured_media":0,"parent":0,"menu_order":0,"comment_status":"closed","ping_status":"closed","template":"","meta":{"ngg_post_thumbnail":0,"footnotes":""},"class_list":["post-55","page","type-page","status-publish","hentry"],"_links":{"self":[{"href":"https:\/\/freie-kanu-sportler.de\/index.php?rest_route=\/wp\/v2\/pages\/55","targetHints":{"allow":["GET"]}}],"collection":[{"href":"https:\/\/freie-kanu-sportler.de\/index.php?rest_route=\/wp\/v2\/pages"}],"about":[{"href":"https:\/\/freie-kanu-sportler.de\/index.php?rest_route=\/wp\/v2\/types\/page"}],"author":[{"embeddable":true,"href":"https:\/\/freie-kanu-sportler.de\/index.php?rest_route=\/wp\/v2\/users\/1"}],"replies":[{"embeddable":true,"href":"https:\/\/freie-kanu-sportler.de\/index.php?rest_route=%2Fwp%2Fv2%2Fcomments&post=55"}],"version-history":[{"count":9,"href":"https:\/\/freie-kanu-sportler.de\/index.php?rest_route=\/wp\/v2\/pages\/55\/revisions"}],"predecessor-version":[{"id":9265,"href":"https:\/\/freie-kanu-sportler.de\/index.php?rest_route=\/wp\/v2\/pages\/55\/revisions\/9265"}],"wp:attachment":[{"href":"https:\/\/freie-kanu-sportler.de\/index.php?rest_route=%2Fwp%2Fv2%2Fmedia&parent=55"}],"curies":[{"name":"wp","href":"https:\/\/api.w.org\/{rel}","templated":true}]}}