{"id":174,"date":"2020-02-17T20:30:48","date_gmt":"2020-02-17T20:30:48","guid":{"rendered":"http:\/\/entwicklung.fks.diwete.de\/?page_id=174"},"modified":"2020-02-17T20:30:48","modified_gmt":"2020-02-17T20:30:48","slug":"spenden-sie-fuer-die-jugendarbeit","status":"publish","type":"page","link":"https:\/\/freie-kanu-sportler.de\/?page_id=174","title":{"rendered":"Spenden Sie f\u00fcr die Jugendarbeit!"},"content":{"rendered":"\n<p>Jugendarbeit hat bei uns einen sehr hohen Stellenwert. Wir&nbsp;&nbsp;f\u00f6rdern die Jugendarbeit bei den Freien Kanu-Sportlern und bei den Naturfreunden Bad Emstal.&nbsp;&nbsp;Daf\u00fcr ben\u00f6tigen wir neben ehrenamtlichem Arrangement zus\u00e4tzliche Gelder, denn Jugendarbeit kann nicht nur \u00fcber Mitgliederbeitr\u00e4ge finanziert werden.<\/p>\n\n\n\n<p>Ohne Zusch\u00fcsse und Spenden k\u00f6nnten wir keine Sportger\u00e4te wie Boote, Schwimmwesten, Anh\u00e4nger u.s.w. f\u00fcr unsere Jugendlichen und Neueinsteiger anschaffen.<\/p>\n\n\n\n<p>Bitte spenden Sie f\u00fcr eine gute Sache! Unser Verein ist vom Finanzamt gemeinn\u00fctzig anerkannt. Wir d\u00fcrfen daher f\u00fcr Spenden Spendenquittungen ausstellen, der Quittungsbetrag ist f\u00fcr den Spender steuerlich absetzbar.<\/p>\n","protected":false},"excerpt":{"rendered":"<p>Jugendarbeit hat bei uns einen sehr hohen Stellenwert. Wir&nbsp;&nbsp;f\u00f6rdern die Jugendarbeit bei den Freien Kanu-Sportlern und bei den Naturfreunden Bad Emstal.&nbsp;&nbsp;Daf\u00fcr ben\u00f6tigen wir neben ehrenamtlichem Arrangement zus\u00e4tzliche Gelder, denn Jugendarbeit kann nicht nur \u00fcber Mitgliederbeitr\u00e4ge finanziert werden. Ohne Zusch\u00fcsse und Spenden k\u00f6nnten wir keine Sportger\u00e4te wie Boote, Schwimmwesten, Anh\u00e4nger u.s.w. f\u00fcr unsere Jugendlichen und Neueinsteiger&#8230; <\/p>\n<div class=\"clear\"><\/div>\n<p><a href=\"https:\/\/freie-kanu-sportler.de\/?page_id=174\" class=\"excerpt-read-more\">Read More<\/a><\/p>\n","protected":false},"author":1,"featured_media":0,"parent":0,"menu_order":0,"comment_status":"closed","ping_status":"closed","template":"","meta":{"ngg_post_thumbnail":0,"footnotes":""},"class_list":["post-174","page","type-page","status-publish","hentry"],"_links":{"self":[{"href":"https:\/\/freie-kanu-sportler.de\/index.php?rest_route=\/wp\/v2\/pages\/174","targetHints":{"allow":["GET"]}}],"collection":[{"href":"https:\/\/freie-kanu-sportler.de\/index.php?rest_route=\/wp\/v2\/pages"}],"about":[{"href":"https:\/\/freie-kanu-sportler.de\/index.php?rest_route=\/wp\/v2\/types\/page"}],"author":[{"embeddable":true,"href":"https:\/\/freie-kanu-sportler.de\/index.php?rest_route=\/wp\/v2\/users\/1"}],"replies":[{"embeddable":true,"href":"https:\/\/freie-kanu-sportler.de\/index.php?rest_route=%2Fwp%2Fv2%2Fcomments&post=174"}],"version-history":[{"count":2,"href":"https:\/\/freie-kanu-sportler.de\/index.php?rest_route=\/wp\/v2\/pages\/174\/revisions"}],"predecessor-version":[{"id":176,"href":"https:\/\/freie-kanu-sportler.de\/index.php?rest_route=\/wp\/v2\/pages\/174\/revisions\/176"}],"wp:attachment":[{"href":"https:\/\/freie-kanu-sportler.de\/index.php?rest_route=%2Fwp%2Fv2%2Fmedia&parent=174"}],"curies":[{"name":"wp","href":"https:\/\/api.w.org\/{rel}","templated":true}]}}