{"id":170,"date":"2020-02-17T20:29:38","date_gmt":"2020-02-17T20:29:38","guid":{"rendered":"http:\/\/entwicklung.fks.diwete.de\/?page_id=170"},"modified":"2025-02-28T11:57:32","modified_gmt":"2025-02-28T11:57:32","slug":"unkostenbeitraege-fuer-kanufahrten","status":"publish","type":"page","link":"https:\/\/freie-kanu-sportler.de\/?page_id=170","title":{"rendered":"Kostenbeitr\u00e4ge f\u00fcr Kanufahrten"},"content":{"rendered":"\n<p>Neben dem j\u00e4hrlichen Mitgliederbeitrag werden die Kosten f\u00fcr<br>Kanufahrten mit den Teilnehmern nach folgenden Regeln abgerechnet:<\/p>\n\n\n\n<p>Sprit, Verpflegung, Campinggeb\u00fchr u.s.w. wird zeitnah zum<br>Selbstkostenpreis mit den Teilnehmern abgerechnet. Bei \u00fcberwiegender<br>Erwachsenenteilnahme werden diese Kosten folgenderma\u00dfen aufgeteilt:<\/p>\n\n\n\n<p>60% Kostenanteil f\u00fcr Kinder (bis 14 Jahre)<br>80% Kostenanteil f\u00fcr Jugendliche (bis 18 Jahre)<br>100% Kostenanteil f\u00fcr Erwachsene<\/p>\n\n\n\n<p>Au\u00dferdem werden f\u00fcr die Nutzung des vereineigenen Bootsanh\u00e4ngers<br>1\u20ac\/Person Tag berechnet und f\u00fcr die Nutzung von Vereinsbooten werden<br>ebenfalls 1\u20ac\/Person Tag berechnet. Kinder und Jugendliche der Freien Kanu-Sportler und NaturFreunde Bad Emstal sind von der Zahlung f\u00fcr die Nutzung der Vereinsboote und des Bootsanh\u00e4ngers befreit.<\/p>\n\n\n\n<p>Grunds\u00e4tzlich werden Neueinsteiger im 1. Jahr beim Verleihen von<br>vereinseigenem Material bevorzugt behandelt.<\/p>\n\n\n\n<p>G\u00e4ste ohne Mitgliedschaft bei DKV und FKS bzw. Naturfreunde Bad<br>Emstal brauchen bei der ersten Veranstaltung nichts f\u00fcr die Nutzung des<br>Bootsanh\u00e4ngers und der Vereinsboote bezahlen, danach 5\u20ac\/Person Tag.<\/p>\n","protected":false},"excerpt":{"rendered":"<p>Neben dem j\u00e4hrlichen Mitgliederbeitrag werden die Kosten f\u00fcrKanufahrten mit den Teilnehmern nach folgenden Regeln abgerechnet: Sprit, Verpflegung, Campinggeb\u00fchr u.s.w. wird zeitnah zumSelbstkostenpreis mit den Teilnehmern abgerechnet. Bei \u00fcberwiegenderErwachsenenteilnahme werden diese Kosten folgenderma\u00dfen aufgeteilt: 60% Kostenanteil f\u00fcr Kinder (bis 14 Jahre)80% Kostenanteil f\u00fcr Jugendliche (bis 18 Jahre)100% Kostenanteil f\u00fcr Erwachsene Au\u00dferdem werden f\u00fcr die Nutzung des&#8230; <\/p>\n<div class=\"clear\"><\/div>\n<p><a href=\"https:\/\/freie-kanu-sportler.de\/?page_id=170\" class=\"excerpt-read-more\">Read More<\/a><\/p>\n","protected":false},"author":1,"featured_media":0,"parent":0,"menu_order":0,"comment_status":"closed","ping_status":"closed","template":"","meta":{"ngg_post_thumbnail":0,"footnotes":""},"class_list":["post-170","page","type-page","status-publish","hentry"],"_links":{"self":[{"href":"https:\/\/freie-kanu-sportler.de\/index.php?rest_route=\/wp\/v2\/pages\/170","targetHints":{"allow":["GET"]}}],"collection":[{"href":"https:\/\/freie-kanu-sportler.de\/index.php?rest_route=\/wp\/v2\/pages"}],"about":[{"href":"https:\/\/freie-kanu-sportler.de\/index.php?rest_route=\/wp\/v2\/types\/page"}],"author":[{"embeddable":true,"href":"https:\/\/freie-kanu-sportler.de\/index.php?rest_route=\/wp\/v2\/users\/1"}],"replies":[{"embeddable":true,"href":"https:\/\/freie-kanu-sportler.de\/index.php?rest_route=%2Fwp%2Fv2%2Fcomments&post=170"}],"version-history":[{"count":4,"href":"https:\/\/freie-kanu-sportler.de\/index.php?rest_route=\/wp\/v2\/pages\/170\/revisions"}],"predecessor-version":[{"id":9386,"href":"https:\/\/freie-kanu-sportler.de\/index.php?rest_route=\/wp\/v2\/pages\/170\/revisions\/9386"}],"wp:attachment":[{"href":"https:\/\/freie-kanu-sportler.de\/index.php?rest_route=%2Fwp%2Fv2%2Fmedia&parent=170"}],"curies":[{"name":"wp","href":"https:\/\/api.w.org\/{rel}","templated":true}]}}