{"id":167,"date":"2020-02-17T20:29:04","date_gmt":"2020-02-17T20:29:04","guid":{"rendered":"http:\/\/entwicklung.fks.diwete.de\/?page_id=167"},"modified":"2024-05-03T11:04:19","modified_gmt":"2024-05-03T11:04:19","slug":"mitgliedsbeitraege","status":"publish","type":"page","link":"https:\/\/freie-kanu-sportler.de\/?page_id=167","title":{"rendered":"Mitgliedsbeitr\u00e4ge"},"content":{"rendered":"\n<figure class=\"wp-block-table\"><table><tbody><tr><td>*&nbsp;<br><\/td><td><strong>FKS\/NF<\/strong><\/td><td>Freie Kanu-Sportler<br>FKS<\/td><td>Naturfreunde<br>NF<\/td><\/tr><tr><td>Kinder bis 14 Jahre\u00a0<\/td><td><strong>32,00 \u20ac<\/strong><\/td><td>32,00 \u20ac<\/td><td>26,50 \u20ac<\/td><\/tr><tr><td>Jugend bis 18 Jahre<\/td><td><strong>50,00 \u20ac<\/strong><\/td><td>50,00 \u20ac<\/td><td>30,50 \u20ac<\/td><\/tr><tr><td>Erwachsene<\/td><td><strong>89,00 \u20ac<\/strong><\/td><td>89,00 \u20ac<\/td><td>61,00 \u20ac<\/td><\/tr><tr><td>Familie<\/td><td><strong>144,00 \u20ac<\/strong><\/td><td>144,00 \u20ac<\/td><td>89,50 \u20ac<\/td><\/tr><\/tbody><\/table><\/figure>\n\n\n\n<p>*FKS\/NF &#8211; Vereinsgemeinschaft<br>*FKS &#8211; Freie Kanu-Sportler e.V.<br>*NF &#8211; NaturFreunde Bad Emstal e.V.<br>Erwerbslose Erwachsene, Sch\u00fcler und Studenten bezahlen Jugendbeitr\u00e4ge<br>Die Beitr\u00e4ge werden Anfang des Jahres per Lastschrift eingezogen.<\/p>\n","protected":false},"excerpt":{"rendered":"<p>*&nbsp; FKS\/NF Freie Kanu-SportlerFKS NaturfreundeNF Kinder bis 14 Jahre\u00a0 32,00 \u20ac 32,00 \u20ac 26,50 \u20ac Jugend bis 18 Jahre 50,00 \u20ac 50,00 \u20ac 30,50 \u20ac Erwachsene 89,00 \u20ac 89,00 \u20ac 61,00 \u20ac Familie 144,00 \u20ac 144,00 \u20ac 89,50 \u20ac *FKS\/NF &#8211; Vereinsgemeinschaft*FKS &#8211; Freie Kanu-Sportler e.V.*NF &#8211; NaturFreunde Bad Emstal e.V.Erwerbslose Erwachsene, Sch\u00fcler und Studenten&#8230; <\/p>\n<div class=\"clear\"><\/div>\n<p><a href=\"https:\/\/freie-kanu-sportler.de\/?page_id=167\" class=\"excerpt-read-more\">Read More<\/a><\/p>\n","protected":false},"author":1,"featured_media":0,"parent":0,"menu_order":0,"comment_status":"closed","ping_status":"closed","template":"","meta":{"ngg_post_thumbnail":0,"footnotes":""},"class_list":["post-167","page","type-page","status-publish","hentry"],"_links":{"self":[{"href":"https:\/\/freie-kanu-sportler.de\/index.php?rest_route=\/wp\/v2\/pages\/167","targetHints":{"allow":["GET"]}}],"collection":[{"href":"https:\/\/freie-kanu-sportler.de\/index.php?rest_route=\/wp\/v2\/pages"}],"about":[{"href":"https:\/\/freie-kanu-sportler.de\/index.php?rest_route=\/wp\/v2\/types\/page"}],"author":[{"embeddable":true,"href":"https:\/\/freie-kanu-sportler.de\/index.php?rest_route=\/wp\/v2\/users\/1"}],"replies":[{"embeddable":true,"href":"https:\/\/freie-kanu-sportler.de\/index.php?rest_route=%2Fwp%2Fv2%2Fcomments&post=167"}],"version-history":[{"count":7,"href":"https:\/\/freie-kanu-sportler.de\/index.php?rest_route=\/wp\/v2\/pages\/167\/revisions"}],"predecessor-version":[{"id":9323,"href":"https:\/\/freie-kanu-sportler.de\/index.php?rest_route=\/wp\/v2\/pages\/167\/revisions\/9323"}],"wp:attachment":[{"href":"https:\/\/freie-kanu-sportler.de\/index.php?rest_route=%2Fwp%2Fv2%2Fmedia&parent=167"}],"curies":[{"name":"wp","href":"https:\/\/api.w.org\/{rel}","templated":true}]}}