{"id":155,"date":"2020-02-17T20:10:25","date_gmt":"2020-02-17T20:10:25","guid":{"rendered":"http:\/\/entwicklung.fks.diwete.de\/?page_id=155"},"modified":"2020-02-17T20:10:25","modified_gmt":"2020-02-17T20:10:25","slug":"unsere-jugendordnung","status":"publish","type":"page","link":"https:\/\/freie-kanu-sportler.de\/?page_id=155","title":{"rendered":"Unsere Jugendordnung"},"content":{"rendered":"\n<p>\u00a71<\/p>\n\n\n\n<p>Zusammensetzung der Vereinsjugend<\/p>\n\n\n\n<p>Die Vereinsjugend der FREIEN KANU-SPORTLER ist die Gesamtheit aller jugendlichen Vereinsmitglieder. Als Jugendliche gelten die Mitglieder vom 6. bis zum vollendeten 17. Lebensjahr. Die Vereinsjugend kann in ihre Arbeit auch Mitglieder \u00fcber 18 Jahre miteinbeziehen.<\/p>\n\n\n\n<p>\u00a72<\/p>\n\n\n\n<p>Eigenst\u00e4ndigkeit der Vereinsjugend<\/p>\n\n\n\n<p>Die Vereinsjugend regelt in weitgehender Selbst\u00e4ndigkeit die Jugendarbeit innerhalb des Vereins, jedoch im Rahmen der Vereinssatzung und der geltenden Ordnungen der FREIEN KANU-SPORTLER.<\/p>\n\n\n\n<p>Sinn des Zusammenschlusses ist die F\u00f6rderung der k\u00f6rperlichen, geistigen und seelischen Entwicklung der jugendlichen Vereinsmitglieder unter Einbeziehung der sozialen Jugendarbeit sowie der Durchf\u00fchrung von Jugendbegegnung auf nationaler und internationaler Ebene.<\/p>\n\n\n\n<p>\u00a73<\/p>\n\n\n\n<p>Organe<\/p>\n\n\n\n<p>Die Organe der Vereinsjugend sind :<\/p>\n\n\n\n<p>die Jugendversammlung<\/p>\n\n\n\n<p>der Jugendausschu\u00df<\/p>\n\n\n\n<p>\u00a74<\/p>\n\n\n\n<p>Jugendversammlung<\/p>\n\n\n\n<p>Die Jugendversammlung setzt sich aus den Vereinsjugendlichen zwischen dem vollendeten 6. und 17. Lebensjahr sowie dem Jugendausschu\u00df zusammen.<\/p>\n\n\n\n<p>Die Jugendversammlung wird j\u00e4hrlich mindestens einmal unter Bekanntgabe der Tagesordnung einberufen. Die Beschlu\u00dff\u00e4higkeit der Jugendversammlung richtet sich nach der Satzung \u00a77 Mitgliederversammlung, bzw. \u00a79 Jugendversammlung.<\/p>\n\n\n\n<p>\u00a75<\/p>\n\n\n\n<p>Aufgaben der Jugendversammlung<\/p>\n\n\n\n<p>Die Jugendversammlung hat insbesondere folgende Aufgaben :<\/p>\n\n\n\n<p>Wahl zweier gleichberechtigter Vorsitzender des Jugendausschusses (Jugendwart und Jugendwartin) sowie des Jugendsprechers, des Jugendrechners und des Schriftf\u00fchrers auf zwei Jahre. Wiederwahl ist zul\u00e4ssig.<\/p>\n\n\n\n<p>Entgegennahme des T\u00e4tigkeitsberichtes des Jugendausschusses.<\/p>\n\n\n\n<p>Erteilung der Entlastung des Jugendausschusses.<\/p>\n\n\n\n<p>Beratung \u00fcber die Verwendung eines durch den Hauptvorstand im Rahmen des Vereinshaushaltes zugewiesenen Titels zu freien Verwendung zugunsten der Vereinsjugend.<\/p>\n\n\n\n<p>Beschlu\u00dffassung \u00fcber eingereichte Antr\u00e4ge und Beratung \u00fcber Veranstaltung der Vereinsjugend.<\/p>\n\n\n\n<p>Die Jugendversammlung trifft ihre Entscheidungen mit einfacher Mehrheit.<\/p>\n\n\n\n<p>\u00a76<\/p>\n\n\n\n<p>Jugendausschu\u00df<\/p>\n\n\n\n<p>Der Jugendausschu\u00df mu\u00df mindestens aus f\u00fcnf Personen bestehen.<\/p>\n\n\n\n<p>Dem Jugendausschu\u00df geh\u00f6ren an :<\/p>\n\n\n\n<p>der Jugendwart und die Jugendwartin<\/p>\n\n\n\n<p>der Jugendsprecher<\/p>\n\n\n\n<p>der Jugendrechner<\/p>\n\n\n\n<p>ein Schriftf\u00fchrer<\/p>\n\n\n\n<p>\u00a77<\/p>\n\n\n\n<p>Aufgaben des Jugendausschusses<\/p>\n\n\n\n<p>Der Jugendaussschu\u00df hat die Aufgabe, die Jugendarbeit nach demokratischen und jugendgem\u00e4\u00dfen Grunds\u00e4tzen wahrzunehmen.<\/p>\n\n\n\n<p>Der Jugendausschu\u00df f\u00fchrt die Beschl\u00fcsse der Jugendversammlung durch.<\/p>\n\n\n\n<p>Der Jugendausschu\u00df hat die Jugendlichen zu beraten und zu unterst\u00fctzen. Der Jugendwart und die Jugendwartin sind verpflichtet, st\u00e4ndig Kontakt mit dem Hauptvorstand des Vereins zu halten.<\/p>\n\n\n\n<p>Der Jugendausschu\u00df ber\u00e4t die Vereinsorgane in Jugendangelegenheiten.<\/p>\n\n\n\n<p>Der Jugendausschu\u00df gibt sich seine Gesch\u00e4ftsordnung selbst, die der Genehmigung des Hauptvorstandes bedarf.<\/p>\n\n\n\n<p>\u00a78<\/p>\n\n\n\n<p>Jugendsprecher<\/p>\n\n\n\n<p>Der Jugendsprecher hat die Aufgabe, die Interessen der heranwachsenden Jugendlichen unter 18 Jahren im Jugendausschu\u00df zu wahren. W\u00e4hlbar ist nur ein Jugendlicher, der nicht j\u00fcnger als 12 und nicht \u00e4lter als 18 Jahren ist.<\/p>\n\n\n\n<p>\u00a79<\/p>\n\n\n\n<p>Besondere Bestimmungen<\/p>\n\n\n\n<p>Die Mitglieder des Jugendausschusses k\u00f6nnen \u00e4lter als 25 Jahre sein.<\/p>\n\n\n\n<p>F\u00fcr den Fall, da\u00df ein Jugendausschu\u00df gem\u00e4\u00df \u00a7 6 dieser Jugendordnung nicht zustande kommt oder sich aufl\u00f6st, \u00fcbernimmt ein Vorstandsmitglied oder ein vom Vorstand beauftragtes Mitglied die Jugendleitung so lange, bis ein arbeitsf\u00e4higer Jugendausschu\u00df die Aufgaben \u00fcbernehmen kann. Versuche zur Bildung eines Jugendausschusses sind ggf. halbj\u00e4hrlich zu wiederholen.<\/p>\n\n\n\n<p>\u00a710<\/p>\n\n\n\n<p>\u00c4nderungen der Jugendordnung<\/p>\n\n\n\n<p>Die \u00c4nderung der Jugendordnung erfordert die Zustimmung von 2\/3 der anwesenden Jugendlichen in der Jugendversammlung und ist vom Hauptvorstand zu genehmigen.<\/p>\n\n\n\n<p>\u00a711<\/p>\n\n\n\n<p>Inkrafttreten<\/p>\n\n\n\n<p>Die Jugendordnung tritt mit der Genehmigung durch den Hauptvorstand inkraft und soll von der n\u00e4chsten Mitgliederversammlung der FREIEN KANU-SPORTLER best\u00e4tigt werden.<\/p>\n\n\n\n<p>Breitenbach den 27.04.1993<\/p>\n","protected":false},"excerpt":{"rendered":"<p>\u00a71 Zusammensetzung der Vereinsjugend Die Vereinsjugend der FREIEN KANU-SPORTLER ist die Gesamtheit aller jugendlichen Vereinsmitglieder. Als Jugendliche gelten die Mitglieder vom 6. bis zum vollendeten 17. Lebensjahr. Die Vereinsjugend kann in ihre Arbeit auch Mitglieder \u00fcber 18 Jahre miteinbeziehen. \u00a72 Eigenst\u00e4ndigkeit der Vereinsjugend Die Vereinsjugend regelt in weitgehender Selbst\u00e4ndigkeit die Jugendarbeit innerhalb des Vereins, jedoch&#8230; <\/p>\n<div class=\"clear\"><\/div>\n<p><a href=\"https:\/\/freie-kanu-sportler.de\/?page_id=155\" class=\"excerpt-read-more\">Read More<\/a><\/p>\n","protected":false},"author":1,"featured_media":0,"parent":0,"menu_order":0,"comment_status":"closed","ping_status":"closed","template":"","meta":{"ngg_post_thumbnail":0,"footnotes":""},"class_list":["post-155","page","type-page","status-publish","hentry"],"_links":{"self":[{"href":"https:\/\/freie-kanu-sportler.de\/index.php?rest_route=\/wp\/v2\/pages\/155","targetHints":{"allow":["GET"]}}],"collection":[{"href":"https:\/\/freie-kanu-sportler.de\/index.php?rest_route=\/wp\/v2\/pages"}],"about":[{"href":"https:\/\/freie-kanu-sportler.de\/index.php?rest_route=\/wp\/v2\/types\/page"}],"author":[{"embeddable":true,"href":"https:\/\/freie-kanu-sportler.de\/index.php?rest_route=\/wp\/v2\/users\/1"}],"replies":[{"embeddable":true,"href":"https:\/\/freie-kanu-sportler.de\/index.php?rest_route=%2Fwp%2Fv2%2Fcomments&post=155"}],"version-history":[{"count":2,"href":"https:\/\/freie-kanu-sportler.de\/index.php?rest_route=\/wp\/v2\/pages\/155\/revisions"}],"predecessor-version":[{"id":157,"href":"https:\/\/freie-kanu-sportler.de\/index.php?rest_route=\/wp\/v2\/pages\/155\/revisions\/157"}],"wp:attachment":[{"href":"https:\/\/freie-kanu-sportler.de\/index.php?rest_route=%2Fwp%2Fv2%2Fmedia&parent=155"}],"curies":[{"name":"wp","href":"https:\/\/api.w.org\/{rel}","templated":true}]}}